{"id":86023,"date":"2023-01-29T19:44:33","date_gmt":"2023-01-29T19:44:33","guid":{"rendered":"https:\/\/the7.io\/elementor-creative-dark\/?page_id=86023"},"modified":"2023-10-21T05:18:12","modified_gmt":"2023-10-21T05:18:12","slug":"clients-and-ideas","status":"publish","type":"page","link":"https:\/\/maisoncreation.com\/en\/clients-and-ideas\/","title":{"rendered":"Clients &#038; Ideas"},"content":{"rendered":"\t\t<div data-elementor-type=\"wp-page\" data-elementor-id=\"86023\" class=\"elementor elementor-86023\" data-elementor-post-type=\"page\">\n\t\t\t\t\t\t\t\t\t<section class=\"elementor-section elementor-top-section elementor-element elementor-element-1d3c0a2 elementor-section-full_width elementor-section-height-default elementor-section-height-default\" data-id=\"1d3c0a2\" data-element_type=\"section\">\n\t\t\t\t\t\t<div class=\"elementor-container elementor-column-gap-no\">\n\t\t\t\t\t<div class=\"elementor-column elementor-col-100 elementor-top-column elementor-element elementor-element-593a904\" data-id=\"593a904\" data-element_type=\"column\">\n\t\t\t<div class=\"elementor-widget-wrap elementor-element-populated\">\n\t\t\t\t\t\t\t\t<div class=\"elementor-element elementor-element-4809805 elementor-widget elementor-widget-template\" data-id=\"4809805\" data-element_type=\"widget\" data-widget_type=\"template.default\">\n\t\t\t\t<div class=\"elementor-widget-container\">\n\t\t\t\t\t<div class=\"elementor-template\">\n\t\t\t\t\t<div data-elementor-type=\"section\" data-elementor-id=\"85113\" class=\"elementor elementor-85113\" data-elementor-post-type=\"elementor_library\">\n\t\t\t\t\t\t\t\t<section class=\"elementor-section elementor-top-section elementor-element elementor-element-52fd32db elementor-section-full_width elementor-section-height-default elementor-section-height-default\" data-id=\"52fd32db\" data-element_type=\"section\">\n\t\t\t\t\t\t<div class=\"elementor-container elementor-column-gap-no\">\n\t\t\t\t\t<div class=\"elementor-column elementor-col-100 elementor-top-column elementor-element elementor-element-73c19a1f\" data-id=\"73c19a1f\" data-element_type=\"column\">\n\t\t\t<div class=\"elementor-widget-wrap elementor-element-populated\">\n\t\t\t\t\t\t\t\t<div class=\"elementor-element elementor-element-1ff8073 elementor-widget elementor-widget-spacer\" data-id=\"1ff8073\" data-element_type=\"widget\" data-widget_type=\"spacer.default\">\n\t\t\t\t<div class=\"elementor-widget-container\">\n\t\t\t\t\t<div class=\"elementor-spacer\">\n\t\t\t<div class=\"elementor-spacer-inner\"><\/div>\n\t\t<\/div>\n\t\t\t\t<\/div>\n\t\t\t\t<\/div>\n\t\t\t\t\t<\/div>\n\t\t<\/div>\n\t\t\t\t\t\t\t<\/div>\n\t\t<\/section>\n\t\t\t\t\t\t<\/div>\n\t\t\t\t<\/div>\n\t\t\t\t<\/div>\n\t\t\t\t<\/div>\n\t\t\t\t\t<\/div>\n\t\t<\/div>\n\t\t\t\t\t\t\t<\/div>\n\t\t<\/section>\n\t\t\t\t<section class=\"elementor-section elementor-top-section elementor-element elementor-element-26dcc32 elementor-section-boxed elementor-section-height-default elementor-section-height-default\" data-id=\"26dcc32\" data-element_type=\"section\">\n\t\t\t\t\t\t<div class=\"elementor-container elementor-column-gap-wide\">\n\t\t\t\t\t<div class=\"elementor-column elementor-col-100 elementor-top-column elementor-element elementor-element-965ec38\" data-id=\"965ec38\" data-element_type=\"column\">\n\t\t\t<div class=\"elementor-widget-wrap elementor-element-populated\">\n\t\t\t\t\t\t\t\t<div class=\"elementor-element elementor-element-11064b4 elementor-widget elementor-widget-heading\" data-id=\"11064b4\" data-element_type=\"widget\" data-widget_type=\"heading.default\">\n\t\t\t\t<div class=\"elementor-widget-container\">\n\t\t\t<h3 class=\"elementor-heading-title elementor-size-default\">Clean, smart & effective designs<\/h3>\t\t<\/div>\n\t\t\t\t<\/div>\n\t\t\t\t\t<\/div>\n\t\t<\/div>\n\t\t\t\t\t\t\t<\/div>\n\t\t<\/section>\n\t\t\t\t<section class=\"elementor-section elementor-top-section elementor-element elementor-element-ff5c36d elementor-section-boxed elementor-section-height-default elementor-section-height-default\" data-id=\"ff5c36d\" data-element_type=\"section\">\n\t\t\t\t\t\t<div class=\"elementor-container elementor-column-gap-wide\">\n\t\t\t\t\t<div class=\"elementor-column elementor-col-100 elementor-top-column elementor-element elementor-element-48113c6\" data-id=\"48113c6\" data-element_type=\"column\">\n\t\t\t<div class=\"elementor-widget-wrap elementor-element-populated\">\n\t\t\t\t\t\t\t\t<div class=\"elementor-element elementor-element-2f36b73 elementor-hidden-desktop elementor-hidden-tablet elementor-hidden-mobile elementor-widget elementor-widget-the7-taxonomy-filter\" data-id=\"2f36b73\" data-element_type=\"widget\" data-widget_type=\"the7-taxonomy-filter.default\">\n\t\t\t\t<div class=\"elementor-widget-container\">\n\t\t\t<div class=\"filter-decorations without-isotope filter filter-pointer-underline filter-animation-fade\"><div class=\"filter-categories\"><a href=\"\/en\/wp-json\/wp\/v2\/pages\/86023\/\" class=\"show-all filter-item act\">All<\/a><a class=\"filter-item\" href=\"\/en\/wp-json\/wp\/v2\/pages\/86023\/?taxonomy=case_category&#038;term=branding\" data-filter=\".category-242\">Branding<\/a><a class=\"filter-item\" href=\"\/en\/wp-json\/wp\/v2\/pages\/86023\/?taxonomy=case_category&#038;term=corporate-stationery\" data-filter=\".category-255\">Corporate stationery<\/a><a class=\"filter-item\" href=\"\/en\/wp-json\/wp\/v2\/pages\/86023\/?taxonomy=case_category&#038;term=digital-marketing\" data-filter=\".category-243\">Digital Marketing<\/a><a class=\"filter-item\" href=\"\/en\/wp-json\/wp\/v2\/pages\/86023\/?taxonomy=case_category&#038;term=e-commerce\" data-filter=\".category-257\">E-Commerce<\/a><a class=\"filter-item\" href=\"\/en\/wp-json\/wp\/v2\/pages\/86023\/?taxonomy=case_category&#038;term=mershandising\" data-filter=\".category-256\">Mershandising<\/a><a class=\"filter-item\" href=\"\/en\/wp-json\/wp\/v2\/pages\/86023\/?taxonomy=case_category&#038;term=websites\" data-filter=\".category-244\">Websites<\/a><\/div><\/div>\t\t<\/div>\n\t\t\t\t<\/div>\n\t\t\t\t<div class=\"elementor-element elementor-element-350714a image-vertical-align-center img-align-tablet-top icon-box-vertical-align-top img-align-left preserve-img-ratio-cover slide-h-position-left elementor-widget elementor-widget-the7-elements-simple-posts\" data-id=\"350714a\" data-element_type=\"widget\" data-widget_type=\"the7-elements-simple-posts.default\">\n\t\t\t\t<div class=\"elementor-widget-container\">\n\t\t\t<div class=\"the7-simple-widget-posts the7-elementor-widget the7-elements-simple-posts-350714a\" data-post-limit=\"-1\" data-pagination-mode=\"standard\" data-scroll-offset=\"\">\t\t\t<div class=\"dt-css-grid custom-pagination-handler\" data-columns=\"{&quot;d&quot;:1,&quot;t&quot;:1,&quot;p&quot;:1,&quot;wd&quot;:&quot;&quot;}\">\n\t\t\t\t\t\t\t\t\t<div class=\"wf-cell visible \">\n\t\t\t\t\t\t<article class=\"post visible wrapper post-82198 showcase type-showcase status-publish has-post-thumbnail hentry case_category-branding case_category-digital-marketing case_category-websites\">\n\n\t\t\t\t\t\t\t<div class=\"post-content-wrapper\">\n\t\t\t\t\t\t\t\t\t\t\t\t\t\t\t\t\t<div class=\"the7-simple-post-thumb\">\n\t\t\t\t\t\t\t\t\t\t<a class=\"post-thumbnail-rollover layzr-bg img-css-resize-wrapper\" aria-label=\"Post image\" href=\"https:\/\/maisoncreation.com\/en\/showcase\/case001\/\"><img fetchpriority=\"high\" decoding=\"async\" width=\"1777\" height=\"723\" src=\"data:image\/svg+xml,%3Csvg%20xmlns%3D&#039;http%3A%2F%2Fwww.w3.org%2F2000%2Fsvg&#039;%20viewBox%3D&#039;0%200%201777%20723&#039;%2F%3E\" class=\"attachment-full size-full preload-me aspect lazy lazy-load\" alt=\"\" sizes=\"(max-width: 1777px) 100vw, 1777px\" style=\"--ratio: 1777 \/ 723;\" data-src=\"https:\/\/maisoncreation.com\/creation\/wp-content\/uploads\/2022\/12\/Page.png\" loading=\"eager\" data-srcset=\"https:\/\/maisoncreation.com\/creation\/wp-content\/uploads\/2022\/12\/Page.png 1777w, https:\/\/maisoncreation.com\/creation\/wp-content\/uploads\/2022\/12\/Page-300x122.png 300w, https:\/\/maisoncreation.com\/creation\/wp-content\/uploads\/2022\/12\/Page-1024x417.png 1024w, https:\/\/maisoncreation.com\/creation\/wp-content\/uploads\/2022\/12\/Page-768x312.png 768w, https:\/\/maisoncreation.com\/creation\/wp-content\/uploads\/2022\/12\/Page-1536x625.png 1536w\" \/><span class=\"the7-hover-icon\"><svg xmlns=\"http:\/\/www.w3.org\/2000\/svg\" viewBox=\"0 0 24 24\" width=\"24\" height=\"24\"><path fill=\"none\" d=\"M0 0h24v24H0z\"><\/path><path d=\"M5 10c-1.1 0-2 .9-2 2s.9 2 2 2 2-.9 2-2-.9-2-2-2zm14 0c-1.1 0-2 .9-2 2s.9 2 2 2 2-.9 2-2-.9-2-2-2zm-7 0c-1.1 0-2 .9-2 2s.9 2 2 2 2-.9 2-2-.9-2-2-2z\"><\/path><\/svg><\/span><\/a>\t\t\t\t\t\t\t\t\t<\/div>\n\t\t\t\t\t\t\t\t\t\t\t\t\t\t\t\t<div class=\"post-entry-content\">\n\t\t\t\t\t\t\t\t\t<h5 class=\"heading\"><a href=\"https:\/\/maisoncreation.com\/en\/showcase\/case001\/\" rel=\"bookmark\" title=\"Camping Maisonneuve &#8211; Camping of Charming\" class=\"post-title\">Camping Maisonneuve &#8211; Camping of Charming<\/a><\/h5><div class=\"entry-meta\"><span class=\"meta-item category-link\"><a href=\"https:\/\/maisoncreation.com\/en\/case_category\/branding\/\" rel=\"tag\">Branding<\/a>, <a href=\"https:\/\/maisoncreation.com\/en\/case_category\/digital-marketing\/\" rel=\"tag\">Digital Marketing<\/a>, <a href=\"https:\/\/maisoncreation.com\/en\/case_category\/websites\/\" rel=\"tag\">Websites<\/a><\/span><\/div><p class=\"short-description\">Our task was to create a cohesive brand identity, design and online presence that reflected the charm of their campsite while expanding their digital footprint.<\/p><a href=\"https:\/\/maisoncreation.com\/en\/showcase\/case001\/\" target=\"\" aria-label=\"Read more about Camping Maisonneuve &#8211; Camping of Charming\" class=\"box-button elementor-button elementor-size-sm\">View case<svg xmlns=\"http:\/\/www.w3.org\/2000\/svg\" viewBox=\"0 0 24 24\" width=\"24\" height=\"24\"><path fill=\"none\" d=\"M0 0h24v24H0z\"><\/path><path d=\"M16.172 11l-5.364-5.364 1.414-1.414L20 12l-7.778 7.778-1.414-1.414L16.172 13H4v-2z\"><\/path><\/svg><\/a>\t\t\t\t\t\t\t\t<\/div>\n\t\t\t\t\t\t\t<\/div>\n\t\t\t\t\t\t<\/article>\n\t\t\t\t\t<\/div>\t\t\t\t\t\t\t\t\t\t<div class=\"wf-cell visible \">\n\t\t\t\t\t\t<article class=\"post visible wrapper post-82199 showcase type-showcase status-publish has-post-thumbnail hentry case_category-branding case_category-corporate-stationery case_category-mershandising\">\n\n\t\t\t\t\t\t\t<div class=\"post-content-wrapper\">\n\t\t\t\t\t\t\t\t\t\t\t\t\t\t\t\t\t<div class=\"the7-simple-post-thumb\">\n\t\t\t\t\t\t\t\t\t\t<a class=\"post-thumbnail-rollover layzr-bg img-css-resize-wrapper\" aria-label=\"Post image\" href=\"https:\/\/maisoncreation.com\/en\/showcase\/case002\/\"><img decoding=\"async\" width=\"1465\" height=\"793\" src=\"data:image\/svg+xml,%3Csvg%20xmlns%3D&#039;http%3A%2F%2Fwww.w3.org%2F2000%2Fsvg&#039;%20viewBox%3D&#039;0%200%201465%20793&#039;%2F%3E\" class=\"attachment-full size-full preload-me aspect lazy lazy-load\" alt=\"\" sizes=\"(max-width: 1465px) 100vw, 1465px\" style=\"--ratio: 1465 \/ 793;\" data-src=\"https:\/\/maisoncreation.com\/creation\/wp-content\/uploads\/2022\/11\/Agenda-LundBeck-PAG-1.jpg\" loading=\"eager\" data-srcset=\"https:\/\/maisoncreation.com\/creation\/wp-content\/uploads\/2022\/11\/Agenda-LundBeck-PAG-1.jpg 1465w, https:\/\/maisoncreation.com\/creation\/wp-content\/uploads\/2022\/11\/Agenda-LundBeck-PAG-1-300x162.jpg 300w, https:\/\/maisoncreation.com\/creation\/wp-content\/uploads\/2022\/11\/Agenda-LundBeck-PAG-1-1024x554.jpg 1024w, https:\/\/maisoncreation.com\/creation\/wp-content\/uploads\/2022\/11\/Agenda-LundBeck-PAG-1-768x416.jpg 768w\" \/><span class=\"the7-hover-icon\"><svg xmlns=\"http:\/\/www.w3.org\/2000\/svg\" viewBox=\"0 0 24 24\" width=\"24\" height=\"24\"><path fill=\"none\" d=\"M0 0h24v24H0z\"><\/path><path d=\"M5 10c-1.1 0-2 .9-2 2s.9 2 2 2 2-.9 2-2-.9-2-2-2zm14 0c-1.1 0-2 .9-2 2s.9 2 2 2 2-.9 2-2-.9-2-2-2zm-7 0c-1.1 0-2 .9-2 2s.9 2 2 2 2-.9 2-2-.9-2-2-2z\"><\/path><\/svg><\/span><\/a>\t\t\t\t\t\t\t\t\t<\/div>\n\t\t\t\t\t\t\t\t\t\t\t\t\t\t\t\t<div class=\"post-entry-content\">\n\t\t\t\t\t\t\t\t\t<h5 class=\"heading\"><a href=\"https:\/\/maisoncreation.com\/en\/showcase\/case002\/\" rel=\"bookmark\" title=\"Lundbeck Pharmaceutical &#8211; Elevating Elegance in Healing\" class=\"post-title\">Lundbeck Pharmaceutical &#8211; Elevating Elegance in Healing<\/a><\/h5><div class=\"entry-meta\"><span class=\"meta-item category-link\"><a href=\"https:\/\/maisoncreation.com\/en\/case_category\/branding\/\" rel=\"tag\">Branding<\/a>, <a href=\"https:\/\/maisoncreation.com\/en\/case_category\/corporate-stationery\/\" rel=\"tag\">Corporate stationery<\/a>, <a href=\"https:\/\/maisoncreation.com\/en\/case_category\/mershandising\/\" rel=\"tag\">Mershandising<\/a><\/span><\/div><p class=\"short-description\">Our task was to enhance their brand image through exquisite graphic design, sophisticated merchandising, and corporate stationery. <\/p><a href=\"https:\/\/maisoncreation.com\/en\/showcase\/case002\/\" target=\"\" aria-label=\"Read more about Lundbeck Pharmaceutical &#8211; Elevating Elegance in Healing\" class=\"box-button elementor-button elementor-size-sm\">View case<svg xmlns=\"http:\/\/www.w3.org\/2000\/svg\" viewBox=\"0 0 24 24\" width=\"24\" height=\"24\"><path fill=\"none\" d=\"M0 0h24v24H0z\"><\/path><path d=\"M16.172 11l-5.364-5.364 1.414-1.414L20 12l-7.778 7.778-1.414-1.414L16.172 13H4v-2z\"><\/path><\/svg><\/a>\t\t\t\t\t\t\t\t<\/div>\n\t\t\t\t\t\t\t<\/div>\n\t\t\t\t\t\t<\/article>\n\t\t\t\t\t<\/div>\t\t\t\t\t\t\t\t\t\t<div class=\"wf-cell visible \">\n\t\t\t\t\t\t<article class=\"post visible wrapper post-82200 showcase type-showcase status-publish has-post-thumbnail hentry case_category-branding case_category-digital-marketing case_category-e-commerce case_category-websites\">\n\n\t\t\t\t\t\t\t<div class=\"post-content-wrapper\">\n\t\t\t\t\t\t\t\t\t\t\t\t\t\t\t\t\t<div class=\"the7-simple-post-thumb\">\n\t\t\t\t\t\t\t\t\t\t<a class=\"post-thumbnail-rollover layzr-bg img-css-resize-wrapper\" aria-label=\"Post image\" href=\"https:\/\/maisoncreation.com\/en\/showcase\/case003\/\"><img decoding=\"async\" width=\"1744\" height=\"723\" src=\"data:image\/svg+xml,%3Csvg%20xmlns%3D&#039;http%3A%2F%2Fwww.w3.org%2F2000%2Fsvg&#039;%20viewBox%3D&#039;0%200%201744%20723&#039;%2F%3E\" class=\"attachment-full size-full preload-me aspect lazy lazy-load\" alt=\"\" sizes=\"(max-width: 1744px) 100vw, 1744px\" style=\"--ratio: 1744 \/ 723;\" data-src=\"https:\/\/maisoncreation.com\/creation\/wp-content\/uploads\/2022\/10\/Untitled-1.png\" loading=\"eager\" data-srcset=\"https:\/\/maisoncreation.com\/creation\/wp-content\/uploads\/2022\/10\/Untitled-1.png 1744w, https:\/\/maisoncreation.com\/creation\/wp-content\/uploads\/2022\/10\/Untitled-1-300x124.png 300w, https:\/\/maisoncreation.com\/creation\/wp-content\/uploads\/2022\/10\/Untitled-1-1024x425.png 1024w, https:\/\/maisoncreation.com\/creation\/wp-content\/uploads\/2022\/10\/Untitled-1-768x318.png 768w, https:\/\/maisoncreation.com\/creation\/wp-content\/uploads\/2022\/10\/Untitled-1-1536x637.png 1536w\" \/><span class=\"the7-hover-icon\"><svg xmlns=\"http:\/\/www.w3.org\/2000\/svg\" viewBox=\"0 0 24 24\" width=\"24\" height=\"24\"><path fill=\"none\" d=\"M0 0h24v24H0z\"><\/path><path d=\"M5 10c-1.1 0-2 .9-2 2s.9 2 2 2 2-.9 2-2-.9-2-2-2zm14 0c-1.1 0-2 .9-2 2s.9 2 2 2 2-.9 2-2-.9-2-2-2zm-7 0c-1.1 0-2 .9-2 2s.9 2 2 2 2-.9 2-2-.9-2-2-2z\"><\/path><\/svg><\/span><\/a>\t\t\t\t\t\t\t\t\t<\/div>\n\t\t\t\t\t\t\t\t\t\t\t\t\t\t\t\t<div class=\"post-entry-content\">\n\t\t\t\t\t\t\t\t\t<h5 class=\"heading\"><a href=\"https:\/\/maisoncreation.com\/en\/showcase\/case003\/\" rel=\"bookmark\" title=\"Castel-Bike.com &#8211; Revitalizing the Ride\" class=\"post-title\">Castel-Bike.com &#8211; Revitalizing the Ride<\/a><\/h5><div class=\"entry-meta\"><span class=\"meta-item category-link\"><a href=\"https:\/\/maisoncreation.com\/en\/case_category\/branding\/\" rel=\"tag\">Branding<\/a>, <a href=\"https:\/\/maisoncreation.com\/en\/case_category\/digital-marketing\/\" rel=\"tag\">Digital Marketing<\/a>, <a href=\"https:\/\/maisoncreation.com\/en\/case_category\/e-commerce\/\" rel=\"tag\">E-Commerce<\/a>, <a href=\"https:\/\/maisoncreation.com\/en\/case_category\/websites\/\" rel=\"tag\">Websites<\/a><\/span><\/div><p class=\"short-description\">Initially, Castel-Bike.com approached us for graphic design improvements. However, as we delved deeper into their vision, we proposed a holistic approach. The goal was to create a cohesive brand identity, refresh their corporate image, and translate this into an engaging website and online store.<\/p><a href=\"https:\/\/maisoncreation.com\/en\/showcase\/case003\/\" target=\"\" aria-label=\"Read more about Castel-Bike.com &#8211; Revitalizing the Ride\" class=\"box-button elementor-button elementor-size-sm\">View case<svg xmlns=\"http:\/\/www.w3.org\/2000\/svg\" viewBox=\"0 0 24 24\" width=\"24\" height=\"24\"><path fill=\"none\" d=\"M0 0h24v24H0z\"><\/path><path d=\"M16.172 11l-5.364-5.364 1.414-1.414L20 12l-7.778 7.778-1.414-1.414L16.172 13H4v-2z\"><\/path><\/svg><\/a>\t\t\t\t\t\t\t\t<\/div>\n\t\t\t\t\t\t\t<\/div>\n\t\t\t\t\t\t<\/article>\n\t\t\t\t\t<\/div>\t\t\t\t\t\t\t\t<\/div>\n\t\t<div class=\"paginator filter-decorations filter-pointer-overline filter-animation-fade\" role=\"navigation\"><a href=\"https:\/\/maisoncreation.com\/en\/wp-json\/wp\/v2\/pages\/86023\/\" class=\"page-numbers filter-item act\" data-page-num=\"1\">1<\/a><a href=\"https:\/\/maisoncreation.com\/en\/wp-json\/wp\/v2\/pages\/86023\/page\/2\/\" class=\"page-numbers filter-item \" data-page-num=\"2\">2<\/a><a href=\"https:\/\/maisoncreation.com\/en\/wp-json\/wp\/v2\/pages\/86023\/page\/2\/\" class=\"page-numbers nav-next filter-item\" data-page-num=\"2\" >\u2192<\/a><\/div><\/div>\t\t<\/div>\n\t\t\t\t<\/div>\n\t\t\t\t\t<\/div>\n\t\t<\/div>\n\t\t\t\t\t\t\t<\/div>\n\t\t<\/section>\n\t\t\t\t\t\t\t<\/div>\n\t\t","protected":false},"excerpt":{"rendered":"<p>Clean, smart &#038; effective designs AllCommerce \u00e9lectroniqueL&#039;image de marqueMarchandisageMarketing digitalPapeterie d&#039;entrepriseSites Internet Camping Maisonneuve &#8211; Camping de Charme L&#8217;image de marque, Marketing digital, Sites Internet Notre t\u00e2che consistait \u00e0 cr\u00e9er une identit\u00e9 de marque, un design et une pr\u00e9sence en ligne coh\u00e9rents qui refl\u00e9taient le charme de leur camping tout en \u00e9largissant leur empreinte num\u00e9rique.&hellip;<\/p>\n","protected":false},"author":1,"featured_media":0,"parent":0,"menu_order":42,"comment_status":"closed","ping_status":"closed","template":"","meta":{"footnotes":""},"class_list":["post-86023","page","type-page","status-publish","hentry"],"_links":{"self":[{"href":"https:\/\/maisoncreation.com\/en\/wp-json\/wp\/v2\/pages\/86023\/"}],"collection":[{"href":"https:\/\/maisoncreation.com\/en\/wp-json\/wp\/v2\/pages\/"}],"about":[{"href":"https:\/\/maisoncreation.com\/en\/wp-json\/wp\/v2\/types\/page\/"}],"author":[{"embeddable":true,"href":"https:\/\/maisoncreation.com\/en\/wp-json\/wp\/v2\/users\/1\/"}],"replies":[{"embeddable":true,"href":"https:\/\/maisoncreation.com\/en\/wp-json\/wp\/v2\/comments\/?post=86023"}],"version-history":[{"count":20,"href":"https:\/\/maisoncreation.com\/en\/wp-json\/wp\/v2\/pages\/86023\/revisions\/"}],"predecessor-version":[{"id":88210,"href":"https:\/\/maisoncreation.com\/en\/wp-json\/wp\/v2\/pages\/86023\/revisions\/88210\/"}],"wp:attachment":[{"href":"https:\/\/maisoncreation.com\/en\/wp-json\/wp\/v2\/media\/?parent=86023"}],"curies":[{"name":"wp","href":"https:\/\/api.w.org\/{rel}","templated":true}]}}